{"id":20192,"date":"2024-06-24T11:53:54","date_gmt":"2024-06-24T11:53:54","guid":{"rendered":"https:\/\/armo.jadesignstudio.xyz\/?post_type=product&#038;p=20192"},"modified":"2025-02-12T00:23:28","modified_gmt":"2025-02-12T00:23:28","slug":"vila-jardim-extra-brut-white-sparkling-2021","status":"publish","type":"product","link":"https:\/\/www.valedoarmo.com\/pt\/produto\/vila-jardim-extra-brut-white-sparkling-2021\/","title":{"rendered":"Vila Jardim Extra Brut Espumante Branco 2021"},"content":{"rendered":"","protected":false},"excerpt":{"rendered":"<p>Bolha muito fina e persistente, com cord\u00e3o. Aroma c\u00edtrico com notas de frutos secos, nozes e avel\u00e3. Paladar subtil e elegante. Combina bem com frutos do mar, iguarias e caviar.<\/p>","protected":false},"featured_media":20193,"comment_status":"open","ping_status":"closed","template":"","meta":{"inline_featured_image":false},"product_brand":[],"product_cat":[74,175,115],"product_tag":[],"class_list":{"0":"post-20192","1":"product","2":"type-product","3":"status-publish","4":"has-post-thumbnail","6":"product_cat-sparkling","7":"product_cat-top-wines","8":"product_cat-white","10":"first","11":"instock","12":"shipping-taxable","13":"product-type-simple"},"yoast_head":"<!-- This site is optimized with the Yoast SEO plugin v27.4 - https:\/\/yoast.com\/product\/yoast-seo-wordpress\/ -->\n<title>Vila Jardim Extra Brut White Sparkling 2021 - Quinta Vale do Armo Wines<\/title>\n<meta name=\"description\" content=\"Vila Jardim Extra Brut White Sparkling\" \/>\n<meta name=\"robots\" content=\"index, follow, max-snippet:-1, max-image-preview:large, max-video-preview:-1\" \/>\n<link rel=\"canonical\" href=\"https:\/\/www.valedoarmo.com\/pt\/produto\/vila-jardim-extra-brut-white-sparkling-2021\/\" \/>\n<meta property=\"og:locale\" content=\"pt_PT\" \/>\n<meta property=\"og:type\" content=\"article\" \/>\n<meta property=\"og:title\" content=\"Vila Jardim Extra Brut White Sparkling 2021 - Quinta Vale do Armo Wines\" \/>\n<meta property=\"og:description\" content=\"Vila Jardim Extra Brut White Sparkling\" \/>\n<meta property=\"og:url\" content=\"https:\/\/www.valedoarmo.com\/pt\/produto\/vila-jardim-extra-brut-white-sparkling-2021\/\" \/>\n<meta property=\"og:site_name\" content=\"Quinta Vale do Armo Wines\" \/>\n<meta property=\"article:publisher\" content=\"https:\/\/www.facebook.com\/valedoarmovinhos\" \/>\n<meta property=\"article:modified_time\" content=\"2025-02-12T00:23:28+00:00\" \/>\n<meta property=\"og:image\" content=\"https:\/\/www.valedoarmo.com\/wp-content\/uploads\/2024\/06\/Vila-Jardim-Extra-Brutwhite-Sparkling.jpg\" \/>\n\t<meta property=\"og:image:width\" content=\"2000\" \/>\n\t<meta property=\"og:image:height\" content=\"2000\" \/>\n\t<meta property=\"og:image:type\" content=\"image\/jpeg\" \/>\n<meta name=\"twitter:card\" content=\"summary_large_image\" \/>\n<meta name=\"twitter:label1\" content=\"Tempo estimado de leitura\" \/>\n\t<meta name=\"twitter:data1\" content=\"1 minuto\" \/>\n<script type=\"application\/ld+json\" class=\"yoast-schema-graph\">{\"@context\":\"https:\\\/\\\/schema.org\",\"@graph\":[{\"@type\":\"WebPage\",\"@id\":\"https:\\\/\\\/www.valedoarmo.com\\\/product\\\/vila-jardim-extra-brut-white-sparkling-2021\\\/\",\"url\":\"https:\\\/\\\/www.valedoarmo.com\\\/product\\\/vila-jardim-extra-brut-white-sparkling-2021\\\/\",\"name\":\"Vila Jardim Extra Brut White Sparkling 2021 - Quinta Vale do Armo Wines\",\"isPartOf\":{\"@id\":\"https:\\\/\\\/www.valedoarmo.com\\\/#website\"},\"primaryImageOfPage\":{\"@id\":\"https:\\\/\\\/www.valedoarmo.com\\\/product\\\/vila-jardim-extra-brut-white-sparkling-2021\\\/#primaryimage\"},\"image\":{\"@id\":\"https:\\\/\\\/www.valedoarmo.com\\\/product\\\/vila-jardim-extra-brut-white-sparkling-2021\\\/#primaryimage\"},\"thumbnailUrl\":\"https:\\\/\\\/www.valedoarmo.com\\\/wp-content\\\/uploads\\\/2024\\\/06\\\/Vila-Jardim-Extra-Brutwhite-Sparkling.jpg\",\"datePublished\":\"2024-06-24T11:53:54+00:00\",\"dateModified\":\"2025-02-12T00:23:28+00:00\",\"description\":\"Vila Jardim Extra Brut White Sparkling\",\"breadcrumb\":{\"@id\":\"https:\\\/\\\/www.valedoarmo.com\\\/product\\\/vila-jardim-extra-brut-white-sparkling-2021\\\/#breadcrumb\"},\"inLanguage\":\"pt-PT\",\"potentialAction\":[{\"@type\":\"ReadAction\",\"target\":[\"https:\\\/\\\/www.valedoarmo.com\\\/product\\\/vila-jardim-extra-brut-white-sparkling-2021\\\/\"]}]},{\"@type\":\"ImageObject\",\"inLanguage\":\"pt-PT\",\"@id\":\"https:\\\/\\\/www.valedoarmo.com\\\/product\\\/vila-jardim-extra-brut-white-sparkling-2021\\\/#primaryimage\",\"url\":\"https:\\\/\\\/www.valedoarmo.com\\\/wp-content\\\/uploads\\\/2024\\\/06\\\/Vila-Jardim-Extra-Brutwhite-Sparkling.jpg\",\"contentUrl\":\"https:\\\/\\\/www.valedoarmo.com\\\/wp-content\\\/uploads\\\/2024\\\/06\\\/Vila-Jardim-Extra-Brutwhite-Sparkling.jpg\",\"width\":2000,\"height\":2000},{\"@type\":\"BreadcrumbList\",\"@id\":\"https:\\\/\\\/www.valedoarmo.com\\\/product\\\/vila-jardim-extra-brut-white-sparkling-2021\\\/#breadcrumb\",\"itemListElement\":[{\"@type\":\"ListItem\",\"position\":1,\"name\":\"Home\",\"item\":\"https:\\\/\\\/www.valedoarmo.com\\\/\"},{\"@type\":\"ListItem\",\"position\":2,\"name\":\"Our Wines\",\"item\":\"https:\\\/\\\/www.valedoarmo.com\\\/pt\\\/our-wines-2\\\/\"},{\"@type\":\"ListItem\",\"position\":3,\"name\":\"Vila Jardim Extra Brut White Sparkling 2021\"}]},{\"@type\":\"WebSite\",\"@id\":\"https:\\\/\\\/www.valedoarmo.com\\\/#website\",\"url\":\"https:\\\/\\\/www.valedoarmo.com\\\/\",\"name\":\"Quinta Vale do Armo Wines\",\"description\":\"Wine Store, Vineyard &amp; Wine Experiences\",\"publisher\":{\"@id\":\"https:\\\/\\\/www.valedoarmo.com\\\/#organization\"},\"alternateName\":\"Vale do Armo\",\"potentialAction\":[{\"@type\":\"SearchAction\",\"target\":{\"@type\":\"EntryPoint\",\"urlTemplate\":\"https:\\\/\\\/www.valedoarmo.com\\\/?s={search_term_string}\"},\"query-input\":{\"@type\":\"PropertyValueSpecification\",\"valueRequired\":true,\"valueName\":\"search_term_string\"}}],\"inLanguage\":\"pt-PT\"},{\"@type\":\"Organization\",\"@id\":\"https:\\\/\\\/www.valedoarmo.com\\\/#organization\",\"name\":\"Quinta Vale do Armo Wines\",\"url\":\"https:\\\/\\\/www.valedoarmo.com\\\/\",\"logo\":{\"@type\":\"ImageObject\",\"inLanguage\":\"pt-PT\",\"@id\":\"https:\\\/\\\/www.valedoarmo.com\\\/#\\\/schema\\\/logo\\\/image\\\/\",\"url\":\"https:\\\/\\\/www.valedoarmo.com\\\/wp-content\\\/uploads\\\/2024\\\/05\\\/vale-do-armo-logo-retina.png\",\"contentUrl\":\"https:\\\/\\\/www.valedoarmo.com\\\/wp-content\\\/uploads\\\/2024\\\/05\\\/vale-do-armo-logo-retina.png\",\"width\":433,\"height\":224,\"caption\":\"Quinta Vale do Armo Wines\"},\"image\":{\"@id\":\"https:\\\/\\\/www.valedoarmo.com\\\/#\\\/schema\\\/logo\\\/image\\\/\"},\"sameAs\":[\"https:\\\/\\\/www.facebook.com\\\/valedoarmovinhos\",\"https:\\\/\\\/www.instagram.com\\\/valedoarmowines\\\/\"]}]}<\/script>\n<!-- \/ Yoast SEO plugin. -->","yoast_head_json":{"title":"Vila Jardim Extra Brut White Sparkling 2021 - Quinta Vale do Armo Wines","description":"Vila Jardim Extra Brut White Sparkling","robots":{"index":"index","follow":"follow","max-snippet":"max-snippet:-1","max-image-preview":"max-image-preview:large","max-video-preview":"max-video-preview:-1"},"canonical":"https:\/\/www.valedoarmo.com\/pt\/produto\/vila-jardim-extra-brut-white-sparkling-2021\/","og_locale":"pt_PT","og_type":"article","og_title":"Vila Jardim Extra Brut White Sparkling 2021 - Quinta Vale do Armo Wines","og_description":"Vila Jardim Extra Brut White Sparkling","og_url":"https:\/\/www.valedoarmo.com\/pt\/produto\/vila-jardim-extra-brut-white-sparkling-2021\/","og_site_name":"Quinta Vale do Armo Wines","article_publisher":"https:\/\/www.facebook.com\/valedoarmovinhos","article_modified_time":"2025-02-12T00:23:28+00:00","og_image":[{"width":2000,"height":2000,"url":"https:\/\/www.valedoarmo.com\/wp-content\/uploads\/2024\/06\/Vila-Jardim-Extra-Brutwhite-Sparkling.jpg","type":"image\/jpeg"}],"twitter_card":"summary_large_image","twitter_misc":{"Tempo estimado de leitura":"1 minuto"},"schema":{"@context":"https:\/\/schema.org","@graph":[{"@type":"WebPage","@id":"https:\/\/www.valedoarmo.com\/product\/vila-jardim-extra-brut-white-sparkling-2021\/","url":"https:\/\/www.valedoarmo.com\/product\/vila-jardim-extra-brut-white-sparkling-2021\/","name":"Vila Jardim Extra Brut White Sparkling 2021 - Quinta Vale do Armo Wines","isPartOf":{"@id":"https:\/\/www.valedoarmo.com\/#website"},"primaryImageOfPage":{"@id":"https:\/\/www.valedoarmo.com\/product\/vila-jardim-extra-brut-white-sparkling-2021\/#primaryimage"},"image":{"@id":"https:\/\/www.valedoarmo.com\/product\/vila-jardim-extra-brut-white-sparkling-2021\/#primaryimage"},"thumbnailUrl":"https:\/\/www.valedoarmo.com\/wp-content\/uploads\/2024\/06\/Vila-Jardim-Extra-Brutwhite-Sparkling.jpg","datePublished":"2024-06-24T11:53:54+00:00","dateModified":"2025-02-12T00:23:28+00:00","description":"Vila Jardim Extra Brut White Sparkling","breadcrumb":{"@id":"https:\/\/www.valedoarmo.com\/product\/vila-jardim-extra-brut-white-sparkling-2021\/#breadcrumb"},"inLanguage":"pt-PT","potentialAction":[{"@type":"ReadAction","target":["https:\/\/www.valedoarmo.com\/product\/vila-jardim-extra-brut-white-sparkling-2021\/"]}]},{"@type":"ImageObject","inLanguage":"pt-PT","@id":"https:\/\/www.valedoarmo.com\/product\/vila-jardim-extra-brut-white-sparkling-2021\/#primaryimage","url":"https:\/\/www.valedoarmo.com\/wp-content\/uploads\/2024\/06\/Vila-Jardim-Extra-Brutwhite-Sparkling.jpg","contentUrl":"https:\/\/www.valedoarmo.com\/wp-content\/uploads\/2024\/06\/Vila-Jardim-Extra-Brutwhite-Sparkling.jpg","width":2000,"height":2000},{"@type":"BreadcrumbList","@id":"https:\/\/www.valedoarmo.com\/product\/vila-jardim-extra-brut-white-sparkling-2021\/#breadcrumb","itemListElement":[{"@type":"ListItem","position":1,"name":"Home","item":"https:\/\/www.valedoarmo.com\/"},{"@type":"ListItem","position":2,"name":"Our Wines","item":"https:\/\/www.valedoarmo.com\/pt\/our-wines-2\/"},{"@type":"ListItem","position":3,"name":"Vila Jardim Extra Brut White Sparkling 2021"}]},{"@type":"WebSite","@id":"https:\/\/www.valedoarmo.com\/#website","url":"https:\/\/www.valedoarmo.com\/","name":"Quinta Vale do Armo Wines","description":"Wine Store, Vineyard &amp; Wine Experiences","publisher":{"@id":"https:\/\/www.valedoarmo.com\/#organization"},"alternateName":"Vale do Armo","potentialAction":[{"@type":"SearchAction","target":{"@type":"EntryPoint","urlTemplate":"https:\/\/www.valedoarmo.com\/?s={search_term_string}"},"query-input":{"@type":"PropertyValueSpecification","valueRequired":true,"valueName":"search_term_string"}}],"inLanguage":"pt-PT"},{"@type":"Organization","@id":"https:\/\/www.valedoarmo.com\/#organization","name":"Quinta Vale do Armo Wines","url":"https:\/\/www.valedoarmo.com\/","logo":{"@type":"ImageObject","inLanguage":"pt-PT","@id":"https:\/\/www.valedoarmo.com\/#\/schema\/logo\/image\/","url":"https:\/\/www.valedoarmo.com\/wp-content\/uploads\/2024\/05\/vale-do-armo-logo-retina.png","contentUrl":"https:\/\/www.valedoarmo.com\/wp-content\/uploads\/2024\/05\/vale-do-armo-logo-retina.png","width":433,"height":224,"caption":"Quinta Vale do Armo Wines"},"image":{"@id":"https:\/\/www.valedoarmo.com\/#\/schema\/logo\/image\/"},"sameAs":["https:\/\/www.facebook.com\/valedoarmovinhos","https:\/\/www.instagram.com\/valedoarmowines\/"]}]}},"_links":{"self":[{"href":"https:\/\/www.valedoarmo.com\/pt\/wp-json\/wp\/v2\/product\/20192","targetHints":{"allow":["GET"]}}],"collection":[{"href":"https:\/\/www.valedoarmo.com\/pt\/wp-json\/wp\/v2\/product"}],"about":[{"href":"https:\/\/www.valedoarmo.com\/pt\/wp-json\/wp\/v2\/types\/product"}],"replies":[{"embeddable":true,"href":"https:\/\/www.valedoarmo.com\/pt\/wp-json\/wp\/v2\/comments?post=20192"}],"wp:featuredmedia":[{"embeddable":true,"href":"https:\/\/www.valedoarmo.com\/pt\/wp-json\/wp\/v2\/media\/20193"}],"wp:attachment":[{"href":"https:\/\/www.valedoarmo.com\/pt\/wp-json\/wp\/v2\/media?parent=20192"}],"wp:term":[{"taxonomy":"product_brand","embeddable":true,"href":"https:\/\/www.valedoarmo.com\/pt\/wp-json\/wp\/v2\/product_brand?post=20192"},{"taxonomy":"product_cat","embeddable":true,"href":"https:\/\/www.valedoarmo.com\/pt\/wp-json\/wp\/v2\/product_cat?post=20192"},{"taxonomy":"product_tag","embeddable":true,"href":"https:\/\/www.valedoarmo.com\/pt\/wp-json\/wp\/v2\/product_tag?post=20192"}],"curies":[{"name":"wp","href":"https:\/\/api.w.org\/{rel}","templated":true}]}}